{"id":31,"date":"2019-08-14T19:50:38","date_gmt":"2019-08-14T17:50:38","guid":{"rendered":"http:\/\/la-rondellerie.fr\/?page_id=31"},"modified":"2019-08-30T23:36:02","modified_gmt":"2019-08-30T21:36:02","slug":"gites","status":"publish","type":"page","link":"https:\/\/la-rondellerie.fr\/?page_id=31","title":{"rendered":"Les G\u00eetes"},"content":{"rendered":"\n<figure class=\"wp-block-image\"><img loading=\"lazy\" decoding=\"async\" width=\"1024\" height=\"683\" src=\"https:\/\/la-rondellerie.fr\/wp-content\/uploads\/2019\/08\/IMG_1251-1024x683.jpg\" alt=\"\" class=\"wp-image-124\" srcset=\"https:\/\/la-rondellerie.fr\/wp-content\/uploads\/2019\/08\/IMG_1251-1024x683.jpg 1024w, https:\/\/la-rondellerie.fr\/wp-content\/uploads\/2019\/08\/IMG_1251-600x400.jpg 600w, https:\/\/la-rondellerie.fr\/wp-content\/uploads\/2019\/08\/IMG_1251-300x200.jpg 300w, https:\/\/la-rondellerie.fr\/wp-content\/uploads\/2019\/08\/IMG_1251-768x512.jpg 768w\" sizes=\"auto, (max-width: 1024px) 100vw, 1024px\" \/><\/figure>\n\n\n\n<p>La Ferme \u00c9questre de La Rondellerie vous propose trois g\u00eetes afin de passer de superbes vacances, weekends, ou bien simplement nuit\u00e9es. <\/p>\n\n\n\n<p>Le premier de ces g\u00eetes (G\u00eete des Palmiers) est \u00e9quip\u00e9 pour 6 personnes. Il a obtenu l&rsquo;agr\u00e9ment G\u00eete de France en 2018. <\/p>\n\n\n\n<p>Le second : G\u00eete des Lavandes est \u00e9quip\u00e9 pour 4 personnes, il se situe au sein de la grande coure principale.<\/p>\n\n\n\n<p>Enfin le troisi\u00e8me g\u00eete, G\u00eete des Glycines est situ\u00e9 dans le prolongement de la b\u00e2tisse principale. Il est \u00e9galement \u00e9quip\u00e9 pour 4 personnes. <\/p>\n\n\n\n<p><\/p>\n","protected":false},"excerpt":{"rendered":"<p>La Ferme \u00c9questre de La Rondellerie vous propose trois g\u00eetes afin de passer de superbes vacances, weekends, ou bien simplement nuit\u00e9es. Le premier de ces g\u00eetes (G\u00eete des Palmiers) est \u00e9quip\u00e9 pour 6 personnes. Il a obtenu l&rsquo;agr\u00e9ment G\u00eete de France en 2018. Le second : G\u00eete des Lavandes est \u00e9quip\u00e9 pour 4 personnes, il [&hellip;]<\/p>\n","protected":false},"author":1,"featured_media":0,"parent":0,"menu_order":4,"comment_status":"closed","ping_status":"closed","template":"","meta":{"footnotes":""},"class_list":["post-31","page","type-page","status-publish","hentry"],"blocksy_meta":[],"_links":{"self":[{"href":"https:\/\/la-rondellerie.fr\/index.php?rest_route=\/wp\/v2\/pages\/31","targetHints":{"allow":["GET"]}}],"collection":[{"href":"https:\/\/la-rondellerie.fr\/index.php?rest_route=\/wp\/v2\/pages"}],"about":[{"href":"https:\/\/la-rondellerie.fr\/index.php?rest_route=\/wp\/v2\/types\/page"}],"author":[{"embeddable":true,"href":"https:\/\/la-rondellerie.fr\/index.php?rest_route=\/wp\/v2\/users\/1"}],"replies":[{"embeddable":true,"href":"https:\/\/la-rondellerie.fr\/index.php?rest_route=%2Fwp%2Fv2%2Fcomments&post=31"}],"version-history":[{"count":4,"href":"https:\/\/la-rondellerie.fr\/index.php?rest_route=\/wp\/v2\/pages\/31\/revisions"}],"predecessor-version":[{"id":298,"href":"https:\/\/la-rondellerie.fr\/index.php?rest_route=\/wp\/v2\/pages\/31\/revisions\/298"}],"wp:attachment":[{"href":"https:\/\/la-rondellerie.fr\/index.php?rest_route=%2Fwp%2Fv2%2Fmedia&parent=31"}],"curies":[{"name":"wp","href":"https:\/\/api.w.org\/{rel}","templated":true}]}}