{"id":292,"date":"2019-08-30T23:34:11","date_gmt":"2019-08-30T21:34:11","guid":{"rendered":"https:\/\/la-rondellerie.fr\/?page_id=292"},"modified":"2020-03-01T22:05:19","modified_gmt":"2020-03-01T21:05:19","slug":"le-troupeau-de-brebis","status":"publish","type":"page","link":"https:\/\/la-rondellerie.fr\/?page_id=292","title":{"rendered":"Le troupeau de brebis"},"content":{"rendered":"\n<p>Le troupeau est compos\u00e9 d&rsquo;environ 150 brebis  et 6 b\u00e9liers de races Manech t\u00eate rousse et Lacaune.<\/p>\n\n\n\n<p>Les naissances ont principalement lieu au mois de D\u00e9cembre. Chaque brebis met bas d&rsquo;un ou deux agneaux.<\/p>\n\n\n\n<figure class=\"wp-block-image\"><img loading=\"lazy\" decoding=\"async\" width=\"768\" height=\"1024\" src=\"https:\/\/la-rondellerie.fr\/wp-content\/uploads\/2020\/02\/IMG_20191229_113908104-768x1024.jpg\" alt=\"\" class=\"wp-image-327\" srcset=\"https:\/\/la-rondellerie.fr\/wp-content\/uploads\/2020\/02\/IMG_20191229_113908104-768x1024.jpg 768w, https:\/\/la-rondellerie.fr\/wp-content\/uploads\/2020\/02\/IMG_20191229_113908104-600x800.jpg 600w, https:\/\/la-rondellerie.fr\/wp-content\/uploads\/2020\/02\/IMG_20191229_113908104-300x400.jpg 300w, https:\/\/la-rondellerie.fr\/wp-content\/uploads\/2020\/02\/IMG_20191229_113908104-225x300.jpg 225w, https:\/\/la-rondellerie.fr\/wp-content\/uploads\/2020\/02\/IMG_20191229_113908104-scaled.jpg 1920w\" sizes=\"auto, (max-width: 768px) 100vw, 768px\" \/><figcaption>Agneau Lacaune<\/figcaption><\/figure>\n","protected":false},"excerpt":{"rendered":"<p>Le troupeau est compos\u00e9 d&rsquo;environ 150 brebis et 6 b\u00e9liers de races Manech t\u00eate rousse et Lacaune. Les naissances ont principalement lieu au mois de D\u00e9cembre. Chaque brebis met bas d&rsquo;un ou deux agneaux.<\/p>\n","protected":false},"author":2,"featured_media":0,"parent":29,"menu_order":0,"comment_status":"closed","ping_status":"closed","template":"","meta":{"footnotes":""},"class_list":["post-292","page","type-page","status-publish","hentry"],"blocksy_meta":[],"_links":{"self":[{"href":"https:\/\/la-rondellerie.fr\/index.php?rest_route=\/wp\/v2\/pages\/292","targetHints":{"allow":["GET"]}}],"collection":[{"href":"https:\/\/la-rondellerie.fr\/index.php?rest_route=\/wp\/v2\/pages"}],"about":[{"href":"https:\/\/la-rondellerie.fr\/index.php?rest_route=\/wp\/v2\/types\/page"}],"author":[{"embeddable":true,"href":"https:\/\/la-rondellerie.fr\/index.php?rest_route=\/wp\/v2\/users\/2"}],"replies":[{"embeddable":true,"href":"https:\/\/la-rondellerie.fr\/index.php?rest_route=%2Fwp%2Fv2%2Fcomments&post=292"}],"version-history":[{"count":6,"href":"https:\/\/la-rondellerie.fr\/index.php?rest_route=\/wp\/v2\/pages\/292\/revisions"}],"predecessor-version":[{"id":334,"href":"https:\/\/la-rondellerie.fr\/index.php?rest_route=\/wp\/v2\/pages\/292\/revisions\/334"}],"up":[{"embeddable":true,"href":"https:\/\/la-rondellerie.fr\/index.php?rest_route=\/wp\/v2\/pages\/29"}],"wp:attachment":[{"href":"https:\/\/la-rondellerie.fr\/index.php?rest_route=%2Fwp%2Fv2%2Fmedia&parent=292"}],"curies":[{"name":"wp","href":"https:\/\/api.w.org\/{rel}","templated":true}]}}