{"id":287,"date":"2019-08-30T23:31:09","date_gmt":"2019-08-30T21:31:09","guid":{"rendered":"https:\/\/la-rondellerie.fr\/?page_id=287"},"modified":"2021-06-18T17:45:42","modified_gmt":"2021-06-18T15:45:42","slug":"gite-des-glycines","status":"publish","type":"page","link":"https:\/\/la-rondellerie.fr\/?page_id=287","title":{"rendered":"G\u00eete des Glycines"},"content":{"rendered":"\n<p>G\u00eete pour 4 personnes.<br>S\u00e9jour<br>Salle de bain, WC<br>Cuisine \u00e9quip\u00e9e<br>Chambre 1 avec un lit de 140<br>Chambre 2 avec deux lits de 90<br>Jardin privatif avec barbecue<\/p>\n","protected":false},"excerpt":{"rendered":"<p>G\u00eete pour 4 personnes.S\u00e9jourSalle de bain, WCCuisine \u00e9quip\u00e9eChambre 1 avec un lit de 140Chambre 2 avec deux lits de 90Jardin privatif avec barbecue<\/p>\n","protected":false},"author":2,"featured_media":0,"parent":31,"menu_order":0,"comment_status":"closed","ping_status":"closed","template":"","meta":{"footnotes":""},"class_list":["post-287","page","type-page","status-publish","hentry","entry"],"_links":{"self":[{"href":"https:\/\/la-rondellerie.fr\/index.php?rest_route=\/wp\/v2\/pages\/287","targetHints":{"allow":["GET"]}}],"collection":[{"href":"https:\/\/la-rondellerie.fr\/index.php?rest_route=\/wp\/v2\/pages"}],"about":[{"href":"https:\/\/la-rondellerie.fr\/index.php?rest_route=\/wp\/v2\/types\/page"}],"author":[{"embeddable":true,"href":"https:\/\/la-rondellerie.fr\/index.php?rest_route=\/wp\/v2\/users\/2"}],"replies":[{"embeddable":true,"href":"https:\/\/la-rondellerie.fr\/index.php?rest_route=%2Fwp%2Fv2%2Fcomments&post=287"}],"version-history":[{"count":3,"href":"https:\/\/la-rondellerie.fr\/index.php?rest_route=\/wp\/v2\/pages\/287\/revisions"}],"predecessor-version":[{"id":383,"href":"https:\/\/la-rondellerie.fr\/index.php?rest_route=\/wp\/v2\/pages\/287\/revisions\/383"}],"up":[{"embeddable":true,"href":"https:\/\/la-rondellerie.fr\/index.php?rest_route=\/wp\/v2\/pages\/31"}],"wp:attachment":[{"href":"https:\/\/la-rondellerie.fr\/index.php?rest_route=%2Fwp%2Fv2%2Fmedia&parent=287"}],"curies":[{"name":"wp","href":"https:\/\/api.w.org\/{rel}","templated":true}]}}