{"id":269,"date":"2019-08-30T22:55:25","date_gmt":"2019-08-30T20:55:25","guid":{"rendered":"https:\/\/la-rondellerie.fr\/?page_id=269"},"modified":"2022-08-18T12:04:31","modified_gmt":"2022-08-18T10:04:31","slug":"accueil","status":"publish","type":"page","link":"https:\/\/la-rondellerie.fr\/?page_id=269","title":{"rendered":"Qui sommes nous"},"content":{"rendered":"\n<p>Depuis 1999, Etienne et Isabelle Morel vous accueillent sur leur ferme, que ce soit pour pratiquer l&rsquo;\u00e9quitation ou pour un s\u00e9jour en g\u00eete. Depuis 2016, Juliette s&rsquo;est jointe \u00e0 eux, et ensemble, ils ont d\u00e9velopp\u00e9 une activit\u00e9 d&rsquo;\u00e9levage de brebis laiti\u00e8re et de transformation fromag\u00e8re. <\/p>\n\n\n\n<figure class=\"wp-block-image is-resized\"><img loading=\"lazy\" decoding=\"async\" src=\"https:\/\/la-rondellerie.fr\/wp-content\/uploads\/2019\/08\/IMG_1459-1024x683.jpg\" alt=\"\" class=\"wp-image-126\" width=\"580\" height=\"386\" srcset=\"https:\/\/la-rondellerie.fr\/wp-content\/uploads\/2019\/08\/IMG_1459-1024x683.jpg 1024w, https:\/\/la-rondellerie.fr\/wp-content\/uploads\/2019\/08\/IMG_1459-300x200.jpg 300w, https:\/\/la-rondellerie.fr\/wp-content\/uploads\/2019\/08\/IMG_1459-768x512.jpg 768w\" sizes=\"auto, (max-width: 580px) 100vw, 580px\" \/><figcaption>La ferme, ses murs de pierre et sa glycine<br><\/figcaption><\/figure>\n\n\n\n<p>Situ\u00e9e au coeur de la charente-maritime, cette ferme historique saura vous s\u00e9duire par sa beaut\u00e9 et celle de son environnement : un monument class\u00e9 pour plus proche voisin, des chemins paisibles au c\u0153ur de la for\u00eat pour profiter de belles ballades, des vignobles, des \u00e9tendues de marais sauvage, et, \u00e0 une quinzaine de kilom\u00e8tres : la c\u00f4te, avec ses \u00e9tendues de plages et de for\u00eats de pins. <\/p>\n\n\n\n<figure class=\"wp-block-gallery has-nested-images columns-4 is-cropped wp-block-gallery-1 is-layout-flex wp-block-gallery-is-layout-flex\">\n<figure class=\"wp-block-image size-large\"><img loading=\"lazy\" decoding=\"async\" width=\"1024\" height=\"768\" data-id=\"128\" src=\"https:\/\/la-rondellerie.fr\/wp-content\/uploads\/2019\/08\/rando-dans-la-cours-1024x768.jpg\" alt=\"\" class=\"wp-image-128\" srcset=\"https:\/\/la-rondellerie.fr\/wp-content\/uploads\/2019\/08\/rando-dans-la-cours-1024x768.jpg 1024w, https:\/\/la-rondellerie.fr\/wp-content\/uploads\/2019\/08\/rando-dans-la-cours-300x225.jpg 300w, https:\/\/la-rondellerie.fr\/wp-content\/uploads\/2019\/08\/rando-dans-la-cours-768x576.jpg 768w, https:\/\/la-rondellerie.fr\/wp-content\/uploads\/2019\/08\/rando-dans-la-cours.jpg 2048w\" sizes=\"auto, (max-width: 1024px) 100vw, 1024px\" \/><figcaption>La cour principale<\/figcaption><\/figure>\n\n\n\n<figure class=\"wp-block-image size-large\"><img loading=\"lazy\" decoding=\"async\" width=\"1024\" height=\"683\" data-id=\"127\" src=\"https:\/\/la-rondellerie.fr\/wp-content\/uploads\/2019\/08\/IMG_1462-1024x683.jpg\" alt=\"\" class=\"wp-image-127\" srcset=\"https:\/\/la-rondellerie.fr\/wp-content\/uploads\/2019\/08\/IMG_1462-1024x683.jpg 1024w, https:\/\/la-rondellerie.fr\/wp-content\/uploads\/2019\/08\/IMG_1462-300x200.jpg 300w, https:\/\/la-rondellerie.fr\/wp-content\/uploads\/2019\/08\/IMG_1462-768x512.jpg 768w\" sizes=\"auto, (max-width: 1024px) 100vw, 1024px\" \/><\/figure>\n\n\n\n<figure class=\"wp-block-image size-large\"><img loading=\"lazy\" decoding=\"async\" width=\"299\" height=\"169\" data-id=\"273\" src=\"https:\/\/la-rondellerie.fr\/wp-content\/uploads\/2019\/08\/t\u00e9l\u00e9chargement.jpg\" alt=\"\" class=\"wp-image-273\"\/><figcaption>Abbaye de Sablonceaux<\/figcaption><\/figure>\n\n\n\n<figure class=\"wp-block-image size-large\"><img loading=\"lazy\" decoding=\"async\" width=\"275\" height=\"183\" data-id=\"282\" src=\"https:\/\/la-rondellerie.fr\/wp-content\/uploads\/2019\/08\/t\u00e9l\u00e9chargement-1.jpg\" alt=\"\" class=\"wp-image-282\"\/><figcaption>Marais de la seudre<\/figcaption><\/figure>\n<\/figure>\n\n\n\n<p><\/p>\n","protected":false},"excerpt":{"rendered":"<p>Depuis 1999, Etienne et Isabelle Morel vous accueillent sur leur ferme, que ce soit pour pratiquer l&rsquo;\u00e9quitation ou pour un s\u00e9jour en g\u00eete. Depuis 2016, Juliette s&rsquo;est jointe \u00e0 eux, et ensemble, ils ont d\u00e9velopp\u00e9 une activit\u00e9 d&rsquo;\u00e9levage de brebis laiti\u00e8re et de transformation fromag\u00e8re. Situ\u00e9e au coeur de la charente-maritime, cette ferme historique saura [&hellip;]<\/p>\n","protected":false},"author":2,"featured_media":0,"parent":0,"menu_order":1,"comment_status":"closed","ping_status":"closed","template":"","meta":{"footnotes":""},"class_list":["post-269","page","type-page","status-publish","hentry","entry"],"_links":{"self":[{"href":"https:\/\/la-rondellerie.fr\/index.php?rest_route=\/wp\/v2\/pages\/269","targetHints":{"allow":["GET"]}}],"collection":[{"href":"https:\/\/la-rondellerie.fr\/index.php?rest_route=\/wp\/v2\/pages"}],"about":[{"href":"https:\/\/la-rondellerie.fr\/index.php?rest_route=\/wp\/v2\/types\/page"}],"author":[{"embeddable":true,"href":"https:\/\/la-rondellerie.fr\/index.php?rest_route=\/wp\/v2\/users\/2"}],"replies":[{"embeddable":true,"href":"https:\/\/la-rondellerie.fr\/index.php?rest_route=%2Fwp%2Fv2%2Fcomments&post=269"}],"version-history":[{"count":8,"href":"https:\/\/la-rondellerie.fr\/index.php?rest_route=\/wp\/v2\/pages\/269\/revisions"}],"predecessor-version":[{"id":453,"href":"https:\/\/la-rondellerie.fr\/index.php?rest_route=\/wp\/v2\/pages\/269\/revisions\/453"}],"wp:attachment":[{"href":"https:\/\/la-rondellerie.fr\/index.php?rest_route=%2Fwp%2Fv2%2Fmedia&parent=269"}],"curies":[{"name":"wp","href":"https:\/\/api.w.org\/{rel}","templated":true}]}}