{"id":164,"date":"2019-08-22T20:53:02","date_gmt":"2019-08-22T18:53:02","guid":{"rendered":"http:\/\/la-rondellerie.fr\/?page_id=164"},"modified":"2022-08-18T12:07:49","modified_gmt":"2022-08-18T10:07:49","slug":"gite-les-palmiers","status":"publish","type":"page","link":"https:\/\/la-rondellerie.fr\/?page_id=164","title":{"rendered":"G\u00eete Les Palmiers"},"content":{"rendered":"\n<p><strong>Gite rural ind\u00e9pendant situ\u00e9 sur la ferme (centre \u00e9questre et production fromag\u00e8re bio de brebis). <\/strong><\/p>\n\n\n\n<p><strong>Ce dernier est compos\u00e9 d&rsquo;une cuisine, un s\u00e9jour \/ salon, 3 chambres (Chambre 1 et 2 avec 2 lits une personne. Chambre 3 avec un lit 2 personnes), une salle de bains, des toilettes et un cellier. <\/strong><\/p>\n\n\n\n<p><strong>Ce G\u00eete dispose aussi d&rsquo;une terrasse et d&rsquo;un jardin clos privatifs&nbsp;sans vis-\u00e0-vis. <\/strong><\/p>\n\n\n\n<p><strong>Possibilit\u00e9 de le\u00e7ons d&rsquo;\u00e9quitation et visite de la ferme.<\/strong><\/p>\n\n\n\n<figure class=\"wp-block-gallery has-nested-images columns-default is-cropped wp-block-gallery-1 is-layout-flex wp-block-gallery-is-layout-flex\">\n<figure class=\"wp-block-image size-large\"><img loading=\"lazy\" decoding=\"async\" width=\"800\" height=\"600\" data-id=\"192\" src=\"http:\/\/la-rondellerie.fr\/wp-content\/uploads\/2019\/08\/17G84083-2.jpg\" alt=\"\" class=\"wp-image-192\" srcset=\"https:\/\/la-rondellerie.fr\/wp-content\/uploads\/2019\/08\/17G84083-2.jpg 800w, https:\/\/la-rondellerie.fr\/wp-content\/uploads\/2019\/08\/17G84083-2-300x225.jpg 300w, https:\/\/la-rondellerie.fr\/wp-content\/uploads\/2019\/08\/17G84083-2-768x576.jpg 768w\" sizes=\"auto, (max-width: 800px) 100vw, 800px\" \/><\/figure>\n\n\n\n<figure class=\"wp-block-image size-large\"><img loading=\"lazy\" decoding=\"async\" width=\"800\" height=\"600\" data-id=\"193\" src=\"http:\/\/la-rondellerie.fr\/wp-content\/uploads\/2019\/08\/17G84083-3.jpg\" alt=\"\" class=\"wp-image-193\" srcset=\"https:\/\/la-rondellerie.fr\/wp-content\/uploads\/2019\/08\/17G84083-3.jpg 800w, https:\/\/la-rondellerie.fr\/wp-content\/uploads\/2019\/08\/17G84083-3-300x225.jpg 300w, https:\/\/la-rondellerie.fr\/wp-content\/uploads\/2019\/08\/17G84083-3-768x576.jpg 768w\" sizes=\"auto, (max-width: 800px) 100vw, 800px\" \/><\/figure>\n\n\n\n<figure class=\"wp-block-image size-large\"><img loading=\"lazy\" decoding=\"async\" width=\"800\" height=\"600\" data-id=\"194\" src=\"http:\/\/la-rondellerie.fr\/wp-content\/uploads\/2019\/08\/17G84083-4.jpg\" alt=\"\" class=\"wp-image-194\" srcset=\"https:\/\/la-rondellerie.fr\/wp-content\/uploads\/2019\/08\/17G84083-4.jpg 800w, https:\/\/la-rondellerie.fr\/wp-content\/uploads\/2019\/08\/17G84083-4-300x225.jpg 300w, https:\/\/la-rondellerie.fr\/wp-content\/uploads\/2019\/08\/17G84083-4-768x576.jpg 768w\" sizes=\"auto, (max-width: 800px) 100vw, 800px\" \/><\/figure>\n\n\n\n<figure class=\"wp-block-image size-large\"><img loading=\"lazy\" decoding=\"async\" width=\"800\" height=\"600\" data-id=\"195\" src=\"http:\/\/la-rondellerie.fr\/wp-content\/uploads\/2019\/08\/17G84083-5.jpg\" alt=\"\" class=\"wp-image-195\" srcset=\"https:\/\/la-rondellerie.fr\/wp-content\/uploads\/2019\/08\/17G84083-5.jpg 800w, https:\/\/la-rondellerie.fr\/wp-content\/uploads\/2019\/08\/17G84083-5-300x225.jpg 300w, https:\/\/la-rondellerie.fr\/wp-content\/uploads\/2019\/08\/17G84083-5-768x576.jpg 768w\" sizes=\"auto, (max-width: 800px) 100vw, 800px\" \/><\/figure>\n\n\n\n<figure class=\"wp-block-image size-large\"><img loading=\"lazy\" decoding=\"async\" width=\"800\" height=\"600\" data-id=\"196\" src=\"http:\/\/la-rondellerie.fr\/wp-content\/uploads\/2019\/08\/17G84083-6.jpg\" alt=\"\" class=\"wp-image-196\" srcset=\"https:\/\/la-rondellerie.fr\/wp-content\/uploads\/2019\/08\/17G84083-6.jpg 800w, https:\/\/la-rondellerie.fr\/wp-content\/uploads\/2019\/08\/17G84083-6-300x225.jpg 300w, https:\/\/la-rondellerie.fr\/wp-content\/uploads\/2019\/08\/17G84083-6-768x576.jpg 768w\" sizes=\"auto, (max-width: 800px) 100vw, 800px\" \/><\/figure>\n\n\n\n<figure class=\"wp-block-image size-large\"><img loading=\"lazy\" decoding=\"async\" width=\"800\" height=\"600\" data-id=\"197\" src=\"http:\/\/la-rondellerie.fr\/wp-content\/uploads\/2019\/08\/17G84083-7.jpg\" alt=\"\" class=\"wp-image-197\" srcset=\"https:\/\/la-rondellerie.fr\/wp-content\/uploads\/2019\/08\/17G84083-7.jpg 800w, https:\/\/la-rondellerie.fr\/wp-content\/uploads\/2019\/08\/17G84083-7-300x225.jpg 300w, https:\/\/la-rondellerie.fr\/wp-content\/uploads\/2019\/08\/17G84083-7-768x576.jpg 768w\" sizes=\"auto, (max-width: 800px) 100vw, 800px\" \/><\/figure>\n\n\n\n<figure class=\"wp-block-image size-large\"><img loading=\"lazy\" decoding=\"async\" width=\"800\" height=\"600\" data-id=\"199\" src=\"http:\/\/la-rondellerie.fr\/wp-content\/uploads\/2019\/08\/17G84083-8.jpg\" alt=\"\" class=\"wp-image-199\" srcset=\"https:\/\/la-rondellerie.fr\/wp-content\/uploads\/2019\/08\/17G84083-8.jpg 800w, https:\/\/la-rondellerie.fr\/wp-content\/uploads\/2019\/08\/17G84083-8-300x225.jpg 300w, https:\/\/la-rondellerie.fr\/wp-content\/uploads\/2019\/08\/17G84083-8-768x576.jpg 768w\" sizes=\"auto, (max-width: 800px) 100vw, 800px\" \/><\/figure>\n\n\n\n<figure class=\"wp-block-image size-large\"><img loading=\"lazy\" decoding=\"async\" width=\"600\" height=\"800\" data-id=\"200\" src=\"http:\/\/la-rondellerie.fr\/wp-content\/uploads\/2019\/08\/17G84083-9.jpg\" alt=\"\" class=\"wp-image-200\" srcset=\"https:\/\/la-rondellerie.fr\/wp-content\/uploads\/2019\/08\/17G84083-9.jpg 600w, https:\/\/la-rondellerie.fr\/wp-content\/uploads\/2019\/08\/17G84083-9-225x300.jpg 225w\" sizes=\"auto, (max-width: 600px) 100vw, 600px\" \/><\/figure>\n\n\n\n<figure class=\"wp-block-image size-large\"><img loading=\"lazy\" decoding=\"async\" width=\"600\" height=\"800\" data-id=\"201\" src=\"http:\/\/la-rondellerie.fr\/wp-content\/uploads\/2019\/08\/17G84083-10.jpg\" alt=\"\" class=\"wp-image-201\" srcset=\"https:\/\/la-rondellerie.fr\/wp-content\/uploads\/2019\/08\/17G84083-10.jpg 600w, https:\/\/la-rondellerie.fr\/wp-content\/uploads\/2019\/08\/17G84083-10-225x300.jpg 225w\" sizes=\"auto, (max-width: 600px) 100vw, 600px\" \/><\/figure>\n\n\n\n<figure class=\"wp-block-image size-large\"><img loading=\"lazy\" decoding=\"async\" width=\"1024\" height=\"683\" data-id=\"202\" src=\"http:\/\/la-rondellerie.fr\/wp-content\/uploads\/2019\/08\/17G84083-11-1024x683.jpg\" alt=\"\" class=\"wp-image-202\" srcset=\"https:\/\/la-rondellerie.fr\/wp-content\/uploads\/2019\/08\/17G84083-11-1024x683.jpg 1024w, https:\/\/la-rondellerie.fr\/wp-content\/uploads\/2019\/08\/17G84083-11-300x200.jpg 300w, https:\/\/la-rondellerie.fr\/wp-content\/uploads\/2019\/08\/17G84083-11-768x512.jpg 768w, https:\/\/la-rondellerie.fr\/wp-content\/uploads\/2019\/08\/17G84083-11.jpg 1620w\" sizes=\"auto, (max-width: 1024px) 100vw, 1024px\" \/><\/figure>\n\n\n\n<figure class=\"wp-block-image size-large\"><img loading=\"lazy\" decoding=\"async\" width=\"1024\" height=\"683\" data-id=\"203\" src=\"http:\/\/la-rondellerie.fr\/wp-content\/uploads\/2019\/08\/17G84083-12-1024x683.jpg\" alt=\"\" class=\"wp-image-203\" srcset=\"https:\/\/la-rondellerie.fr\/wp-content\/uploads\/2019\/08\/17G84083-12-1024x683.jpg 1024w, https:\/\/la-rondellerie.fr\/wp-content\/uploads\/2019\/08\/17G84083-12-300x200.jpg 300w, https:\/\/la-rondellerie.fr\/wp-content\/uploads\/2019\/08\/17G84083-12-768x512.jpg 768w, https:\/\/la-rondellerie.fr\/wp-content\/uploads\/2019\/08\/17G84083-12.jpg 1620w\" sizes=\"auto, (max-width: 1024px) 100vw, 1024px\" \/><\/figure>\n\n\n\n<figure class=\"wp-block-image size-large\"><img loading=\"lazy\" decoding=\"async\" width=\"800\" height=\"600\" data-id=\"204\" src=\"http:\/\/la-rondellerie.fr\/wp-content\/uploads\/2019\/08\/17G84083-1.jpg\" alt=\"\" class=\"wp-image-204\" srcset=\"https:\/\/la-rondellerie.fr\/wp-content\/uploads\/2019\/08\/17G84083-1.jpg 800w, https:\/\/la-rondellerie.fr\/wp-content\/uploads\/2019\/08\/17G84083-1-300x225.jpg 300w, https:\/\/la-rondellerie.fr\/wp-content\/uploads\/2019\/08\/17G84083-1-768x576.jpg 768w\" sizes=\"auto, (max-width: 800px) 100vw, 800px\" \/><\/figure>\n\n\n\n<figure class=\"wp-block-image size-large\"><img loading=\"lazy\" decoding=\"async\" width=\"700\" height=\"400\" data-id=\"205\" src=\"http:\/\/la-rondellerie.fr\/wp-content\/uploads\/2019\/08\/17G84083_400_700-1.jpg\" alt=\"\" class=\"wp-image-205\" srcset=\"https:\/\/la-rondellerie.fr\/wp-content\/uploads\/2019\/08\/17G84083_400_700-1.jpg 700w, https:\/\/la-rondellerie.fr\/wp-content\/uploads\/2019\/08\/17G84083_400_700-1-300x171.jpg 300w\" sizes=\"auto, (max-width: 700px) 100vw, 700px\" \/><\/figure>\n\n\n\n<figure class=\"wp-block-image size-large\"><img loading=\"lazy\" decoding=\"async\" width=\"700\" height=\"400\" data-id=\"206\" src=\"http:\/\/la-rondellerie.fr\/wp-content\/uploads\/2019\/08\/17G84083_400_700-2.jpg\" alt=\"\" class=\"wp-image-206\" srcset=\"https:\/\/la-rondellerie.fr\/wp-content\/uploads\/2019\/08\/17G84083_400_700-2.jpg 700w, https:\/\/la-rondellerie.fr\/wp-content\/uploads\/2019\/08\/17G84083_400_700-2-300x171.jpg 300w\" sizes=\"auto, (max-width: 700px) 100vw, 700px\" \/><\/figure>\n<\/figure>\n","protected":false},"excerpt":{"rendered":"<p>Gite rural ind\u00e9pendant situ\u00e9 sur la ferme (centre \u00e9questre et production fromag\u00e8re bio de brebis). Ce dernier est compos\u00e9 d&rsquo;une cuisine, un s\u00e9jour \/ salon, 3 chambres (Chambre 1 et 2 avec 2 lits une personne. Chambre 3 avec un lit 2 personnes), une salle de bains, des toilettes et un cellier. Ce G\u00eete dispose [&hellip;]<\/p>\n","protected":false},"author":1,"featured_media":0,"parent":31,"menu_order":0,"comment_status":"closed","ping_status":"closed","template":"","meta":{"footnotes":""},"class_list":["post-164","page","type-page","status-publish","hentry","entry"],"_links":{"self":[{"href":"https:\/\/la-rondellerie.fr\/index.php?rest_route=\/wp\/v2\/pages\/164","targetHints":{"allow":["GET"]}}],"collection":[{"href":"https:\/\/la-rondellerie.fr\/index.php?rest_route=\/wp\/v2\/pages"}],"about":[{"href":"https:\/\/la-rondellerie.fr\/index.php?rest_route=\/wp\/v2\/types\/page"}],"author":[{"embeddable":true,"href":"https:\/\/la-rondellerie.fr\/index.php?rest_route=\/wp\/v2\/users\/1"}],"replies":[{"embeddable":true,"href":"https:\/\/la-rondellerie.fr\/index.php?rest_route=%2Fwp%2Fv2%2Fcomments&post=164"}],"version-history":[{"count":8,"href":"https:\/\/la-rondellerie.fr\/index.php?rest_route=\/wp\/v2\/pages\/164\/revisions"}],"predecessor-version":[{"id":458,"href":"https:\/\/la-rondellerie.fr\/index.php?rest_route=\/wp\/v2\/pages\/164\/revisions\/458"}],"up":[{"embeddable":true,"href":"https:\/\/la-rondellerie.fr\/index.php?rest_route=\/wp\/v2\/pages\/31"}],"wp:attachment":[{"href":"https:\/\/la-rondellerie.fr\/index.php?rest_route=%2Fwp%2Fv2%2Fmedia&parent=164"}],"curies":[{"name":"wp","href":"https:\/\/api.w.org\/{rel}","templated":true}]}}